{"id":28,"date":"2026-01-23T18:37:28","date_gmt":"2026-01-23T16:37:28","guid":{"rendered":"https:\/\/luppogames.fi\/?page_id=28"},"modified":"2026-04-07T11:38:37","modified_gmt":"2026-04-07T08:38:37","slug":"tilausehdot","status":"publish","type":"page","link":"https:\/\/luppogames.fi\/?page_id=28","title":{"rendered":"Tilaus ja toimitusehdot"},"content":{"rendered":"\n<p><strong>Toimitusehdot \u2013 Kuluttajat (B2C)<\/strong><\/p>\n\n\n\n<p><strong>LuPPo-korttipelin verkkokauppa ja et\u00e4myynti<\/strong><\/p>\n\n\n\n<p>P\u00e4ivitetty: <strong>14.11.2025<\/strong><\/p>\n\n\n\n<p>N\u00e4it\u00e4 ehtoja sovelletaan kuluttajan tekemiin ostoksiin <strong>Luppo Games<\/strong>-yrityksen verkkokaupasta tai muusta et\u00e4myyntikanavasta.<\/p>\n\n\n\n<p><strong>1. Yleist\u00e4<\/strong><\/p>\n\n\n\n<p>Kuluttajakaupassa noudatetaan Suomen kuluttajansuojalakia.<br>Tilauksen tekeminen edellytt\u00e4\u00e4 n\u00e4iden ehtojen hyv\u00e4ksymist\u00e4.<\/p>\n\n\n\n<p><strong>2. Tuotteet ja hinnat<\/strong><\/p>\n\n\n\n<ul class=\"wp-block-list\">\n<li>Kaikki hinnat sis\u00e4lt\u00e4v\u00e4t arvonlis\u00e4veron.<\/li>\n\n\n\n<li>Hintaan lis\u00e4t\u00e4\u00e4n valittuun toimitustapaan liittyv\u00e4t toimituskulut.<\/li>\n\n\n\n<li>Myyj\u00e4 pid\u00e4tt\u00e4\u00e4 oikeuden tuotteiden ja hintojen muutoksiin.<\/li>\n<\/ul>\n\n\n\n<p><strong>3. Tilaaminen<\/strong><\/p>\n\n\n\n<p>Tilaukset voidaan tehd\u00e4 verkkokaupan kautta tai muulla Myyj\u00e4n tarjoamalla tavalla.<br>Kun asiakas saa tilausvahvistuksen, tilaus on sitova.<\/p>\n\n\n\n<p><strong>4. Maksutavat<\/strong><\/p>\n\n\n\n<p>Kuluttajille tarjolla ovat:<\/p>\n\n\n\n<ul class=\"wp-block-list\">\n<li>Verkkopankkimaksut<\/li>\n\n\n\n<li>Maksukortit<\/li>\n\n\n\n<li>Verkkokaupan maksuoperaattorin tarjoamat maksutavat <\/li>\n<\/ul>\n\n\n\n<p><strong>Maksupalvelutarjoaja<\/strong><\/p>\n\n\n\n<p>Maksunv\u00e4lityspalvelun toteuttajana ja maksupalveluntarjoajana toimii Paytrail Oyj (2122839-7) yhteisty\u00f6ss\u00e4 suomalaisten pankkien ja luottolaitosten kanssa. Paytrail Oyj n\u00e4kyy maksun saajana tiliotteella tai korttilaskulla ja v\u00e4litt\u00e4\u00e4 maksun kauppiaalle. Paytrail Oyj:ll\u00e4 on maksulaitoksen toimilupa. Reklamaatiotapauksissa pyyd\u00e4mme ottamaan ensisijaisesti yhteytt\u00e4 tuotteen toimittajaan.<\/p>\n\n\n\n<p>Paytrail Oyj, y-tunnus: 2122839-7<br>Innova 2<br>Lutakonaukio 7<br>40100 Jyv\u00e4skyl\u00e4<br><a href=\"https:\/\/www.paytrail.com\/\" target=\"_blank\" rel=\"noreferrer noopener\">www.paytrail.com&nbsp;<\/a><\/p>\n\n\n\n<p><strong>5. Toimitustavat ja -kulut<\/strong><\/p>\n\n\n\n<p>Toimitusvaihtoehdot:<\/p>\n\n\n\n<ul class=\"wp-block-list\">\n<li>Posti  <\/li>\n<\/ul>\n\n\n\n<p>Toimituskulut ilmoitetaan kassalla ennen maksua.<\/p>\n\n\n\n<p><strong>6. Toimitusaika<\/strong><\/p>\n\n\n\n<p>Normaalit toimitusajat ovat <strong>2\u20137 arkip\u00e4iv\u00e4\u00e4<\/strong> tilauksen k\u00e4sittelyst\u00e4.<br>Sesongin aikana toimitus voi kest\u00e4\u00e4 pidemp\u00e4\u00e4n.<\/p>\n\n\n\n<p><strong>7. Kuluttajan 14 p\u00e4iv\u00e4n peruutusoikeus<\/strong><\/p>\n\n\n\n<p>Kuluttajalla on oikeus peruuttaa tilauksensa 14 p\u00e4iv\u00e4n kuluessa toimituksesta (kuluttajansuojalaki).<\/p>\n\n\n\n<p>Peruutusoikeus koskee k\u00e4ytt\u00e4m\u00e4tt\u00f6mi\u00e4 ja j\u00e4lleenmyyntikelpoisia tuotteita.<\/p>\n\n\n\n<p>Asiakkaan tulee ilmoittaa peruutuksesta kirjallisesti Myyj\u00e4lle.<\/p>\n\n\n\n<p><strong>8. Palautukset<\/strong><\/p>\n\n\n\n<ul class=\"wp-block-list\">\n<li>Asiakas vastaa palautuskuluista, ellei kyse ole virheest\u00e4 tuotteessa.<\/li>\n\n\n\n<li>Tuote tulee pakata huolellisesti, mieluiten alkuper\u00e4iseen pakkaukseen.<\/li>\n\n\n\n<li>Maksu palautetaan 14 p\u00e4iv\u00e4n sis\u00e4ll\u00e4 palautuksen vastaanottamisesta.<\/li>\n<\/ul>\n\n\n\n<p><strong>9. Reklamaatiot<\/strong><\/p>\n\n\n\n<p>Jos tuote on viallinen, puutteellinen tai vaurioitunut toimituksessa:<\/p>\n\n\n\n<ul class=\"wp-block-list\">\n<li>Asiakas ottaa yhteytt\u00e4 Myyj\u00e4\u00e4n kohtuullisessa ajassa.<\/li>\n\n\n\n<li>Myyj\u00e4 voi pyyt\u00e4\u00e4 valokuvia tuotteesta\/vahingosta.<\/li>\n\n\n\n<li>Myyj\u00e4 korjaa virheen toimittamalla uuden tuotteen tai palauttamalla maksun.<\/li>\n<\/ul>\n\n\n\n<p><strong>10. Asiakaspalautusten k\u00e4sittely<\/strong><\/p>\n\n\n\n<p>Myyj\u00e4 ilmoittaa asiakkaalle, kun palautus on vastaanotettu ja k\u00e4sitelty.<br>Hyvitys tehd\u00e4\u00e4n samalla maksutavalla, jota asiakas k\u00e4ytti ostaessaan.<\/p>\n\n\n\n<p><strong>11. Henkil\u00f6tietojen k\u00e4sittely<\/strong><\/p>\n\n\n\n<p>Henkil\u00f6tietoja k\u00e4sitell\u00e4\u00e4n EU:n GDPR-s\u00e4\u00e4nn\u00f6sten mukaisesti.<br>Lis\u00e4tietoja on <strong>tietosuojaselosteessa<\/strong>.<\/p>\n\n\n\n<p><strong>12. Sovellettava laki ja riitojen ratkaisu<\/strong><\/p>\n\n\n\n<p>N\u00e4ihin ehtoihin sovelletaan Suomen lakia.<br>Riitatilanteissa kuluttaja voi saattaa asian:<\/p>\n\n\n\n<ul class=\"wp-block-list\">\n<li>Ensisijaisesti Myyj\u00e4n asiakaspalveluun<\/li>\n\n\n\n<li>Tarvittaessa Kuluttajaneuvontaan tai Kuluttajariitalautakuntaan<\/li>\n<\/ul>\n","protected":false},"excerpt":{"rendered":"<p>Toimitusehdot \u2013 Kuluttajat (B2C) LuPPo-korttipelin verkkokauppa ja et\u00e4myynti P\u00e4ivitetty: 14.11.2025 N\u00e4it\u00e4 ehtoja sovelletaan kuluttajan tekemiin ostoksiin Luppo Games-yrityksen verkkokaupasta tai muusta et\u00e4myyntikanavasta. 1. Yleist\u00e4 Kuluttajakaupassa noudatetaan Suomen kuluttajansuojalakia.Tilauksen tekeminen edellytt\u00e4\u00e4 n\u00e4iden ehtojen hyv\u00e4ksymist\u00e4. 2. Tuotteet ja hinnat 3. Tilaaminen Tilaukset voidaan tehd\u00e4 verkkokaupan kautta tai muulla Myyj\u00e4n tarjoamalla tavalla.Kun asiakas saa tilausvahvistuksen, tilaus on sitova. [&hellip;]<\/p>\n","protected":false},"author":1,"featured_media":0,"parent":0,"menu_order":0,"comment_status":"closed","ping_status":"closed","template":"","meta":{"footnotes":""},"class_list":["post-28","page","type-page","status-publish","hentry"],"_links":{"self":[{"href":"https:\/\/luppogames.fi\/index.php?rest_route=\/wp\/v2\/pages\/28","targetHints":{"allow":["GET"]}}],"collection":[{"href":"https:\/\/luppogames.fi\/index.php?rest_route=\/wp\/v2\/pages"}],"about":[{"href":"https:\/\/luppogames.fi\/index.php?rest_route=\/wp\/v2\/types\/page"}],"author":[{"embeddable":true,"href":"https:\/\/luppogames.fi\/index.php?rest_route=\/wp\/v2\/users\/1"}],"replies":[{"embeddable":true,"href":"https:\/\/luppogames.fi\/index.php?rest_route=%2Fwp%2Fv2%2Fcomments&post=28"}],"version-history":[{"count":3,"href":"https:\/\/luppogames.fi\/index.php?rest_route=\/wp\/v2\/pages\/28\/revisions"}],"predecessor-version":[{"id":134,"href":"https:\/\/luppogames.fi\/index.php?rest_route=\/wp\/v2\/pages\/28\/revisions\/134"}],"wp:attachment":[{"href":"https:\/\/luppogames.fi\/index.php?rest_route=%2Fwp%2Fv2%2Fmedia&parent=28"}],"curies":[{"name":"wp","href":"https:\/\/api.w.org\/{rel}","templated":true}]}}