{"id":65,"date":"2026-01-09T14:56:29","date_gmt":"2026-01-09T12:56:29","guid":{"rendered":"https:\/\/luppogames.fi\/?post_type=product&#038;p=65"},"modified":"2026-04-23T14:24:34","modified_gmt":"2026-04-23T11:24:34","slug":"luppo-memory-game","status":"publish","type":"product","link":"https:\/\/luppogames.fi\/?product=luppo-memory-game","title":{"rendered":"Luppo Memory game"},"content":{"rendered":"<p><strong>LuPPo<\/strong> on uudenlainen muistipeli, joka sopii kaikille noin viidest\u00e4 vuodesta eteenp\u00e4in.<br \/>\n2-6 pelaajalle, pelin kesto noin 30 min.<br \/>\nPeliohjeet 11 kielell\u00e4.<\/p>\n<p><strong>100 % suomalainen tuote<\/strong>.<\/p>\n","protected":false},"excerpt":{"rendered":"<p>LuPPo on uudenlainen muistipeli, joka sopii kaikille noin viidest\u00e4 vuodesta eteenp\u00e4in. 2-6 pelaajalle, pelin kesto noin 30 min. Peliohjeet 11 kielell\u00e4. 100 % suomalainen tuote.<\/p>\n","protected":false},"featured_media":35,"template":"","meta":[],"product_brand":[],"product_cat":[16],"product_tag":[],"class_list":{"0":"post-65","1":"product","2":"type-product","3":"status-publish","4":"has-post-thumbnail","6":"product_cat-yleinen","8":"first","9":"instock","10":"taxable","11":"shipping-taxable","12":"purchasable","13":"product-type-simple"},"_links":{"self":[{"href":"https:\/\/luppogames.fi\/index.php?rest_route=\/wp\/v2\/product\/65","targetHints":{"allow":["GET"]}}],"collection":[{"href":"https:\/\/luppogames.fi\/index.php?rest_route=\/wp\/v2\/product"}],"about":[{"href":"https:\/\/luppogames.fi\/index.php?rest_route=\/wp\/v2\/types\/product"}],"wp:featuredmedia":[{"embeddable":true,"href":"https:\/\/luppogames.fi\/index.php?rest_route=\/wp\/v2\/media\/35"}],"wp:attachment":[{"href":"https:\/\/luppogames.fi\/index.php?rest_route=%2Fwp%2Fv2%2Fmedia&parent=65"}],"wp:term":[{"taxonomy":"product_brand","embeddable":true,"href":"https:\/\/luppogames.fi\/index.php?rest_route=%2Fwp%2Fv2%2Fproduct_brand&post=65"},{"taxonomy":"product_cat","embeddable":true,"href":"https:\/\/luppogames.fi\/index.php?rest_route=%2Fwp%2Fv2%2Fproduct_cat&post=65"},{"taxonomy":"product_tag","embeddable":true,"href":"https:\/\/luppogames.fi\/index.php?rest_route=%2Fwp%2Fv2%2Fproduct_tag&post=65"}],"curies":[{"name":"wp","href":"https:\/\/api.w.org\/{rel}","templated":true}]}}